{"id":540,"date":"2018-11-27T09:16:54","date_gmt":"2018-11-27T09:16:54","guid":{"rendered":"https:\/\/reciclemostodo.com\/index.php\/home\/"},"modified":"2021-09-22T16:57:11","modified_gmt":"2021-09-22T16:57:11","slug":"inicio","status":"publish","type":"page","link":"https:\/\/reciclemostodo.com\/","title":{"rendered":"Inicio"},"content":{"rendered":"\t\t<div data-elementor-type=\"wp-page\" data-elementor-id=\"540\" class=\"elementor elementor-540\">\n\t\t\t\t\t\t<section class=\"elementor-section elementor-top-section elementor-element elementor-element-10a0906 elementor-section-height-min-height elementor-section-boxed elementor-section-height-default elementor-section-items-middle\" data-id=\"10a0906\" data-element_type=\"section\" data-e-type=\"section\" data-settings=\"{&quot;background_background&quot;:&quot;slideshow&quot;,&quot;background_slideshow_gallery&quot;:[{&quot;id&quot;:648,&quot;url&quot;:&quot;https:\\\/\\\/reciclemostodo.com\\\/wp-content\\\/uploads\\\/2021\\\/08\\\/index-3.jpeg&quot;},{&quot;id&quot;:647,&quot;url&quot;:&quot;https:\\\/\\\/reciclemostodo.com\\\/wp-content\\\/uploads\\\/2021\\\/08\\\/index-2.jpeg&quot;},{&quot;id&quot;:646,&quot;url&quot;:&quot;https:\\\/\\\/reciclemostodo.com\\\/wp-content\\\/uploads\\\/2021\\\/08\\\/index-1.jpeg&quot;}],&quot;background_slideshow_slide_transition&quot;:&quot;slide_left&quot;,&quot;background_slideshow_ken_burns&quot;:&quot;yes&quot;,&quot;background_slideshow_loop&quot;:&quot;yes&quot;,&quot;background_slideshow_slide_duration&quot;:5000,&quot;background_slideshow_transition_duration&quot;:500,&quot;background_slideshow_ken_burns_zoom_direction&quot;:&quot;in&quot;}\">\n\t\t\t\t\t\t\t<div class=\"elementor-background-overlay\"><\/div>\n\t\t\t\t\t\t\t<div class=\"elementor-container elementor-column-gap-default\">\n\t\t\t\t\t<div class=\"elementor-column elementor-col-100 elementor-top-column elementor-element elementor-element-fe12453\" data-id=\"fe12453\" data-element_type=\"column\" data-e-type=\"column\">\n\t\t\t<div class=\"elementor-widget-wrap\">\n\t\t\t\t\t\t\t<\/div>\n\t\t<\/div>\n\t\t\t\t\t<\/div>\n\t\t<\/section>\n\t\t\t\t<section class=\"elementor-section elementor-top-section elementor-element elementor-element-43dab9a elementor-section-boxed elementor-section-height-default elementor-section-height-default\" data-id=\"43dab9a\" data-element_type=\"section\" data-e-type=\"section\">\n\t\t\t\t\t\t<div class=\"elementor-container elementor-column-gap-default\">\n\t\t\t\t\t<div class=\"elementor-column elementor-col-50 elementor-top-column elementor-element elementor-element-ace2065\" data-id=\"ace2065\" data-element_type=\"column\" data-e-type=\"column\">\n\t\t\t<div class=\"elementor-widget-wrap elementor-element-populated\">\n\t\t\t\t\t\t<div class=\"elementor-element elementor-element-7c1f0e4 elementor-widget elementor-widget-heading\" data-id=\"7c1f0e4\" data-element_type=\"widget\" data-e-type=\"widget\" data-widget_type=\"heading.default\">\n\t\t\t\t<div class=\"elementor-widget-container\">\n\t\t\t\t\t<h2 class=\"elementor-heading-title elementor-size-large\">NUESTRA MISI\u00d3N\u200b<\/h2>\t\t\t\t<\/div>\n\t\t\t\t<\/div>\n\t\t\t\t<div class=\"elementor-element elementor-element-e6b9127 elementor-widget-divider--view-line elementor-widget elementor-widget-divider\" data-id=\"e6b9127\" data-element_type=\"widget\" data-e-type=\"widget\" data-widget_type=\"divider.default\">\n\t\t\t\t<div class=\"elementor-widget-container\">\n\t\t\t\t\t\t\t<div class=\"elementor-divider\">\n\t\t\t<span class=\"elementor-divider-separator\">\n\t\t\t\t\t\t<\/span>\n\t\t<\/div>\n\t\t\t\t\t\t<\/div>\n\t\t\t\t<\/div>\n\t\t\t\t<div class=\"elementor-element elementor-element-e2f0c49 elementor-widget elementor-widget-text-editor\" data-id=\"e2f0c49\" data-element_type=\"widget\" data-e-type=\"widget\" data-widget_type=\"text-editor.default\">\n\t\t\t\t<div class=\"elementor-widget-container\">\n\t\t\t\t\t\t\t\t\t<p>Desarrollar\u00e1 de forma eficiente las actividades requeridas para la prestaci\u00f3n y manejo integral del servicio p\u00fablico de aseo y sus<br \/>complementarios, garantizando su calidad, frecuencia y cobertura.<\/p>\t\t\t\t\t\t\t\t<\/div>\n\t\t\t\t<\/div>\n\t\t\t\t<div class=\"elementor-element elementor-element-984042d elementor-widget elementor-widget-image\" data-id=\"984042d\" data-element_type=\"widget\" data-e-type=\"widget\" data-widget_type=\"image.default\">\n\t\t\t\t<div class=\"elementor-widget-container\">\n\t\t\t\t\t\t\t\t\t\t\t\t\t\t\t<img fetchpriority=\"high\" decoding=\"async\" width=\"1024\" height=\"1000\" src=\"https:\/\/reciclemostodo.com\/wp-content\/uploads\/2021\/07\/mano_1-1024x1000.png\" class=\"attachment-large size-large wp-image-14\" alt=\"\" srcset=\"https:\/\/reciclemostodo.com\/wp-content\/uploads\/2021\/07\/mano_1-1024x1000.png 1024w, https:\/\/reciclemostodo.com\/wp-content\/uploads\/2021\/07\/mano_1-300x293.png 300w, https:\/\/reciclemostodo.com\/wp-content\/uploads\/2021\/07\/mano_1-768x750.png 768w, https:\/\/reciclemostodo.com\/wp-content\/uploads\/2021\/07\/mano_1-1536x1500.png 1536w, https:\/\/reciclemostodo.com\/wp-content\/uploads\/2021\/07\/mano_1-2048x2000.png 2048w, https:\/\/reciclemostodo.com\/wp-content\/uploads\/2021\/07\/mano_1-1568x1531.png 1568w\" sizes=\"(max-width: 1024px) 100vw, 1024px\" \/>\t\t\t\t\t\t\t\t\t\t\t\t\t\t\t<\/div>\n\t\t\t\t<\/div>\n\t\t\t\t\t<\/div>\n\t\t<\/div>\n\t\t\t\t<div class=\"elementor-column elementor-col-50 elementor-top-column elementor-element elementor-element-f524d83\" data-id=\"f524d83\" data-element_type=\"column\" data-e-type=\"column\">\n\t\t\t<div class=\"elementor-widget-wrap elementor-element-populated\">\n\t\t\t\t\t\t<div class=\"elementor-element elementor-element-de2f77b elementor-widget elementor-widget-image\" data-id=\"de2f77b\" data-element_type=\"widget\" data-e-type=\"widget\" data-widget_type=\"image.default\">\n\t\t\t\t<div class=\"elementor-widget-container\">\n\t\t\t\t\t\t\t\t\t\t\t\t\t\t\t<img decoding=\"async\" width=\"1024\" height=\"1000\" src=\"https:\/\/reciclemostodo.com\/wp-content\/uploads\/2021\/07\/mano_3-1024x1000.png\" class=\"attachment-large size-large wp-image-17\" alt=\"\" srcset=\"https:\/\/reciclemostodo.com\/wp-content\/uploads\/2021\/07\/mano_3-1024x1000.png 1024w, https:\/\/reciclemostodo.com\/wp-content\/uploads\/2021\/07\/mano_3-300x293.png 300w, https:\/\/reciclemostodo.com\/wp-content\/uploads\/2021\/07\/mano_3-768x750.png 768w, https:\/\/reciclemostodo.com\/wp-content\/uploads\/2021\/07\/mano_3-1536x1500.png 1536w, https:\/\/reciclemostodo.com\/wp-content\/uploads\/2021\/07\/mano_3-2048x2000.png 2048w, https:\/\/reciclemostodo.com\/wp-content\/uploads\/2021\/07\/mano_3-1568x1531.png 1568w\" sizes=\"(max-width: 1024px) 100vw, 1024px\" \/>\t\t\t\t\t\t\t\t\t\t\t\t\t\t\t<\/div>\n\t\t\t\t<\/div>\n\t\t\t\t<div class=\"elementor-element elementor-element-cfb249e elementor-widget elementor-widget-heading\" data-id=\"cfb249e\" data-element_type=\"widget\" data-e-type=\"widget\" data-widget_type=\"heading.default\">\n\t\t\t\t<div class=\"elementor-widget-container\">\n\t\t\t\t\t<h2 class=\"elementor-heading-title elementor-size-default\">NUESTRA VISI\u00d3N\u200b<\/h2>\t\t\t\t<\/div>\n\t\t\t\t<\/div>\n\t\t\t\t<div class=\"elementor-element elementor-element-dfc7d39 elementor-widget-divider--view-line elementor-widget elementor-widget-divider\" data-id=\"dfc7d39\" data-element_type=\"widget\" data-e-type=\"widget\" data-widget_type=\"divider.default\">\n\t\t\t\t<div class=\"elementor-widget-container\">\n\t\t\t\t\t\t\t<div class=\"elementor-divider\">\n\t\t\t<span class=\"elementor-divider-separator\">\n\t\t\t\t\t\t<\/span>\n\t\t<\/div>\n\t\t\t\t\t\t<\/div>\n\t\t\t\t<\/div>\n\t\t\t\t<div class=\"elementor-element elementor-element-2cd2347 elementor-widget elementor-widget-text-editor\" data-id=\"2cd2347\" data-element_type=\"widget\" data-e-type=\"widget\" data-widget_type=\"text-editor.default\">\n\t\t\t\t<div class=\"elementor-widget-container\">\n\t\t\t\t\t\t\t\t\t<p>En el a\u00f1o 2020 la Asociaci\u00f3n de Aseo de Recicladores y carreteros \u2013 reciclemos todos, ser\u00e1 reconocida como una empresa l\u00edder en el manejo de los residuos potencialmente reciclables, desde su<br \/>recuperaci\u00f3n, transporte, acopio, valorizaci\u00f3n, aprovechamiento y pre- transformaci\u00f3n de est\u00e9.<\/p><p>Garantizando la\u00a0rentabilidad social y econ\u00f3mica de nuestros asociados, contribuyendo a mejorar nuestro medio ambiente.<\/p>\t\t\t\t\t\t\t\t<\/div>\n\t\t\t\t<\/div>\n\t\t\t\t\t<\/div>\n\t\t<\/div>\n\t\t\t\t\t<\/div>\n\t\t<\/section>\n\t\t\t\t<section class=\"elementor-section elementor-top-section elementor-element elementor-element-a9bd503 elementor-section-boxed elementor-section-height-default elementor-section-height-default\" data-id=\"a9bd503\" data-element_type=\"section\" data-e-type=\"section\">\n\t\t\t\t\t\t<div class=\"elementor-container elementor-column-gap-default\">\n\t\t\t\t\t<div class=\"elementor-column elementor-col-100 elementor-top-column elementor-element elementor-element-7683782\" data-id=\"7683782\" data-element_type=\"column\" data-e-type=\"column\">\n\t\t\t<div class=\"elementor-widget-wrap elementor-element-populated\">\n\t\t\t\t\t\t<div class=\"elementor-element elementor-element-aaf85ae elementor-widget elementor-widget-heading\" data-id=\"aaf85ae\" data-element_type=\"widget\" data-e-type=\"widget\" data-widget_type=\"heading.default\">\n\t\t\t\t<div class=\"elementor-widget-container\">\n\t\t\t\t\t<h2 class=\"elementor-heading-title elementor-size-xl\">nuestro portafolio de servicios\n<\/h2>\t\t\t\t<\/div>\n\t\t\t\t<\/div>\n\t\t\t\t<div class=\"elementor-element elementor-element-b8009a6 elementor-widget elementor-widget-text-editor\" data-id=\"b8009a6\" data-element_type=\"widget\" data-e-type=\"widget\" data-widget_type=\"text-editor.default\">\n\t\t\t\t<div class=\"elementor-widget-container\">\n\t\t\t\t\t\t\t\t\tPara Reciclemos Todos, es muy grato tener la oportunidad de prestarles nuestros servicios y convertirnos en su mejor opci\u00f3n desde todo punto de vista, tanto en el \u00e1rea t\u00e9cnica as\u00ed como econ\u00f3mica y ambiental; contamos con un excelente equipo de trabajadores profesionales y operativos a su disposici\u00f3n.\t\t\t\t\t\t\t\t<\/div>\n\t\t\t\t<\/div>\n\t\t\t\t\t<\/div>\n\t\t<\/div>\n\t\t\t\t\t<\/div>\n\t\t<\/section>\n\t\t\t\t<section class=\"elementor-section elementor-top-section elementor-element elementor-element-f55b665 elementor-section-boxed elementor-section-height-default elementor-section-height-default\" data-id=\"f55b665\" data-element_type=\"section\" data-e-type=\"section\">\n\t\t\t\t\t\t<div class=\"elementor-container elementor-column-gap-default\">\n\t\t\t\t\t<div class=\"elementor-column elementor-col-33 elementor-top-column elementor-element elementor-element-c84add2\" data-id=\"c84add2\" data-element_type=\"column\" data-e-type=\"column\">\n\t\t\t<div class=\"elementor-widget-wrap elementor-element-populated\">\n\t\t\t\t\t\t<div class=\"elementor-element elementor-element-b83f6d6 elementor-widget elementor-widget-heading\" data-id=\"b83f6d6\" data-element_type=\"widget\" data-e-type=\"widget\" data-widget_type=\"heading.default\">\n\t\t\t\t<div class=\"elementor-widget-container\">\n\t\t\t\t\t<h5 class=\"elementor-heading-title elementor-size-default\">Selecci\u00f3n<\/h5>\t\t\t\t<\/div>\n\t\t\t\t<\/div>\n\t\t\t\t<div class=\"elementor-element elementor-element-b490e0a elementor-widget elementor-widget-image\" data-id=\"b490e0a\" data-element_type=\"widget\" data-e-type=\"widget\" data-widget_type=\"image.default\">\n\t\t\t\t<div class=\"elementor-widget-container\">\n\t\t\t\t\t\t\t\t\t\t\t\t\t\t\t<img decoding=\"async\" width=\"520\" height=\"485\" src=\"https:\/\/reciclemostodo.com\/wp-content\/uploads\/2021\/08\/S_Seleccion.png\" class=\"attachment-large size-large wp-image-667\" alt=\"\" srcset=\"https:\/\/reciclemostodo.com\/wp-content\/uploads\/2021\/08\/S_Seleccion.png 520w, https:\/\/reciclemostodo.com\/wp-content\/uploads\/2021\/08\/S_Seleccion-300x280.png 300w\" sizes=\"(max-width: 520px) 100vw, 520px\" \/>\t\t\t\t\t\t\t\t\t\t\t\t\t\t\t<\/div>\n\t\t\t\t<\/div>\n\t\t\t\t<div class=\"elementor-element elementor-element-c150bf2 elementor-widget elementor-widget-text-editor\" data-id=\"c150bf2\" data-element_type=\"widget\" data-e-type=\"widget\" data-widget_type=\"text-editor.default\">\n\t\t\t\t<div class=\"elementor-widget-container\">\n\t\t\t\t\t\t\t\t\t<p>Seleccionamos los residuos y escogemos los materias que son altamente reciclables.<\/p>\t\t\t\t\t\t\t\t<\/div>\n\t\t\t\t<\/div>\n\t\t\t\t\t<\/div>\n\t\t<\/div>\n\t\t\t\t<div class=\"elementor-column elementor-col-33 elementor-top-column elementor-element elementor-element-9ac0ab4\" data-id=\"9ac0ab4\" data-element_type=\"column\" data-e-type=\"column\">\n\t\t\t<div class=\"elementor-widget-wrap elementor-element-populated\">\n\t\t\t\t\t\t<div class=\"elementor-element elementor-element-fb083bf elementor-widget elementor-widget-heading\" data-id=\"fb083bf\" data-element_type=\"widget\" data-e-type=\"widget\" data-widget_type=\"heading.default\">\n\t\t\t\t<div class=\"elementor-widget-container\">\n\t\t\t\t\t<h5 class=\"elementor-heading-title elementor-size-default\">Limpieza<\/h5>\t\t\t\t<\/div>\n\t\t\t\t<\/div>\n\t\t\t\t<div class=\"elementor-element elementor-element-f231bcb elementor-widget elementor-widget-image\" data-id=\"f231bcb\" data-element_type=\"widget\" data-e-type=\"widget\" data-widget_type=\"image.default\">\n\t\t\t\t<div class=\"elementor-widget-container\">\n\t\t\t\t\t\t\t\t\t\t\t\t\t\t\t<img loading=\"lazy\" decoding=\"async\" width=\"549\" height=\"482\" src=\"https:\/\/reciclemostodo.com\/wp-content\/uploads\/2021\/08\/S_Limpieza.png\" class=\"attachment-large size-large wp-image-665\" alt=\"\" srcset=\"https:\/\/reciclemostodo.com\/wp-content\/uploads\/2021\/08\/S_Limpieza.png 549w, https:\/\/reciclemostodo.com\/wp-content\/uploads\/2021\/08\/S_Limpieza-300x263.png 300w\" sizes=\"(max-width: 549px) 100vw, 549px\" \/>\t\t\t\t\t\t\t\t\t\t\t\t\t\t\t<\/div>\n\t\t\t\t<\/div>\n\t\t\t\t<div class=\"elementor-element elementor-element-916810e elementor-widget elementor-widget-text-editor\" data-id=\"916810e\" data-element_type=\"widget\" data-e-type=\"widget\" data-widget_type=\"text-editor.default\">\n\t\t\t\t<div class=\"elementor-widget-container\">\n\t\t\t\t\t\t\t\t\t<p>Prestamos el servicio de recolecci\u00f3n en v\u00edas p\u00fablicas en las localidades de Bogot\u00e1.<\/p>\t\t\t\t\t\t\t\t<\/div>\n\t\t\t\t<\/div>\n\t\t\t\t\t<\/div>\n\t\t<\/div>\n\t\t\t\t<div class=\"elementor-column elementor-col-33 elementor-top-column elementor-element elementor-element-635a8a6\" data-id=\"635a8a6\" data-element_type=\"column\" data-e-type=\"column\">\n\t\t\t<div class=\"elementor-widget-wrap elementor-element-populated\">\n\t\t\t\t\t\t<div class=\"elementor-element elementor-element-18c1ccb elementor-widget elementor-widget-heading\" data-id=\"18c1ccb\" data-element_type=\"widget\" data-e-type=\"widget\" data-widget_type=\"heading.default\">\n\t\t\t\t<div class=\"elementor-widget-container\">\n\t\t\t\t\t<h5 class=\"elementor-heading-title elementor-size-default\">Recolecci\u00f3n<\/h5>\t\t\t\t<\/div>\n\t\t\t\t<\/div>\n\t\t\t\t<div class=\"elementor-element elementor-element-acbd37d elementor-widget elementor-widget-image\" data-id=\"acbd37d\" data-element_type=\"widget\" data-e-type=\"widget\" data-widget_type=\"image.default\">\n\t\t\t\t<div class=\"elementor-widget-container\">\n\t\t\t\t\t\t\t\t\t\t\t\t\t\t\t<img loading=\"lazy\" decoding=\"async\" width=\"507\" height=\"470\" src=\"https:\/\/reciclemostodo.com\/wp-content\/uploads\/2021\/08\/S_Recoleccion.png\" class=\"attachment-large size-large wp-image-666\" alt=\"\" srcset=\"https:\/\/reciclemostodo.com\/wp-content\/uploads\/2021\/08\/S_Recoleccion.png 507w, https:\/\/reciclemostodo.com\/wp-content\/uploads\/2021\/08\/S_Recoleccion-300x278.png 300w\" sizes=\"(max-width: 507px) 100vw, 507px\" \/>\t\t\t\t\t\t\t\t\t\t\t\t\t\t\t<\/div>\n\t\t\t\t<\/div>\n\t\t\t\t<div class=\"elementor-element elementor-element-a89477f elementor-widget elementor-widget-text-editor\" data-id=\"a89477f\" data-element_type=\"widget\" data-e-type=\"widget\" data-widget_type=\"text-editor.default\">\n\t\t\t\t<div class=\"elementor-widget-container\">\n\t\t\t\t\t\t\t\t\t<p>Como organizaci\u00f3n estamos comprometidos a cuidar la calidad ambiental de la ciudad.<\/p>\t\t\t\t\t\t\t\t<\/div>\n\t\t\t\t<\/div>\n\t\t\t\t\t<\/div>\n\t\t<\/div>\n\t\t\t\t\t<\/div>\n\t\t<\/section>\n\t\t\t\t<section class=\"elementor-section elementor-top-section elementor-element elementor-element-25297de elementor-section-boxed elementor-section-height-default elementor-section-height-default\" data-id=\"25297de\" data-element_type=\"section\" data-e-type=\"section\">\n\t\t\t\t\t\t<div class=\"elementor-container elementor-column-gap-default\">\n\t\t\t\t\t<div class=\"elementor-column elementor-col-50 elementor-top-column elementor-element elementor-element-4edfa7b\" data-id=\"4edfa7b\" data-element_type=\"column\" data-e-type=\"column\">\n\t\t\t<div class=\"elementor-widget-wrap elementor-element-populated\">\n\t\t\t\t\t\t<div class=\"elementor-element elementor-element-45f477f elementor-widget elementor-widget-text-editor\" data-id=\"45f477f\" data-element_type=\"widget\" data-e-type=\"widget\" data-widget_type=\"text-editor.default\">\n\t\t\t\t<div class=\"elementor-widget-container\">\n\t\t\t\t\t\t\t\t\t<ul><li>Manejo cuidadoso de residuos. Nuestro personal esta capacitado para manipular distintos residuos.<\/li><li>Prestamos el servicio de transporte y recolecci\u00f3n en v\u00edas p\u00fablicas (zorros).<\/li><li><span style=\"font-size: 16px;\">Limpieza de Shut, con horarios establecidos por el administrador.<\/span><\/li><li><span style=\"font-size: 16px;\">Miembros calidad y servicio a los ciudadanos. Gracias a todos nuestros <\/span>asociados por contribuir con el mejoramiento del medio ambiente. \u00a1Cuidemos el Planeta!<\/li><li><span style=\"font-size: 16px;\">Reciclar es responsabilidad de todos, a<\/span>poyar la labor de nuestros recuperadores ambientales, mejorando la calidad de vida de toda nuestra comunidad.<\/li><li><span style=\"font-size: 16px;\">Reciclemos Todo E.P.S. <\/span>La prestaci\u00f3n del servicio p\u00fablico de aseo y sus actividades complementarias en especial aquellas enmarcadas en el aprovechamiento y dirigidas a efectuar la recolecci\u00f3n, transporte, separaci\u00f3n, comercializaci\u00f3n, pre-transformaci\u00f3n y transformaci\u00f3n de residuos s\u00f3lidos urbanos reciclables y aprovechables.<\/li><\/ul>\t\t\t\t\t\t\t\t<\/div>\n\t\t\t\t<\/div>\n\t\t\t\t\t<\/div>\n\t\t<\/div>\n\t\t\t\t<div class=\"elementor-column elementor-col-50 elementor-top-column elementor-element elementor-element-b3453bb\" data-id=\"b3453bb\" data-element_type=\"column\" data-e-type=\"column\">\n\t\t\t<div class=\"elementor-widget-wrap elementor-element-populated\">\n\t\t\t\t\t\t<div class=\"elementor-element elementor-element-0f67a9e elementor-widget elementor-widget-image\" data-id=\"0f67a9e\" data-element_type=\"widget\" data-e-type=\"widget\" data-widget_type=\"image.default\">\n\t\t\t\t<div class=\"elementor-widget-container\">\n\t\t\t\t\t\t\t\t\t\t\t\t\t\t\t<img loading=\"lazy\" decoding=\"async\" width=\"1024\" height=\"683\" src=\"https:\/\/reciclemostodo.com\/wp-content\/uploads\/2021\/07\/mujer_reciclaje_3-1024x683.jpg\" class=\"attachment-large size-large wp-image-26\" alt=\"\" srcset=\"https:\/\/reciclemostodo.com\/wp-content\/uploads\/2021\/07\/mujer_reciclaje_3-1024x683.jpg 1024w, https:\/\/reciclemostodo.com\/wp-content\/uploads\/2021\/07\/mujer_reciclaje_3-300x200.jpg 300w, https:\/\/reciclemostodo.com\/wp-content\/uploads\/2021\/07\/mujer_reciclaje_3-768x512.jpg 768w, https:\/\/reciclemostodo.com\/wp-content\/uploads\/2021\/07\/mujer_reciclaje_3-1536x1024.jpg 1536w, https:\/\/reciclemostodo.com\/wp-content\/uploads\/2021\/07\/mujer_reciclaje_3-2048x1365.jpg 2048w, https:\/\/reciclemostodo.com\/wp-content\/uploads\/2021\/07\/mujer_reciclaje_3-1568x1045.jpg 1568w\" sizes=\"(max-width: 1024px) 100vw, 1024px\" \/>\t\t\t\t\t\t\t\t\t\t\t\t\t\t\t<\/div>\n\t\t\t\t<\/div>\n\t\t\t\t<div class=\"elementor-element elementor-element-6e22d91 elementor-widget elementor-widget-heading\" data-id=\"6e22d91\" data-element_type=\"widget\" data-e-type=\"widget\" data-widget_type=\"heading.default\">\n\t\t\t\t<div class=\"elementor-widget-container\">\n\t\t\t\t\t<h5 class=\"elementor-heading-title elementor-size-default\">Clasificaci\u00f3n y comercializaci\u00f3n<\/h5>\t\t\t\t<\/div>\n\t\t\t\t<\/div>\n\t\t\t\t\t<\/div>\n\t\t<\/div>\n\t\t\t\t\t<\/div>\n\t\t<\/section>\n\t\t\t\t<\/div>\n\t\t","protected":false},"excerpt":{"rendered":"<p>NUESTRA MISI\u00d3N\u200b Desarrollar\u00e1 de forma eficiente las actividades requeridas para la prestaci\u00f3n y manejo integral del servicio p\u00fablico de aseo y suscomplementarios, garantizando su calidad, frecuencia y cobertura. NUESTRA VISI\u00d3N\u200b En el a\u00f1o 2020 la Asociaci\u00f3n de Aseo de Recicladores y carreteros \u2013 reciclemos todos, ser\u00e1 reconocida como una empresa l\u00edder en el manejo de [&hellip;]<\/p>\n","protected":false},"author":1,"featured_media":0,"parent":0,"menu_order":0,"comment_status":"closed","ping_status":"closed","template":"","meta":{"om_disable_all_campaigns":false,"_monsterinsights_skip_tracking":false,"_monsterinsights_sitenote_active":false,"_monsterinsights_sitenote_note":"","_monsterinsights_sitenote_category":0,"site-sidebar-layout":"no-sidebar","site-content-layout":"page-builder","ast-site-content-layout":"default","site-content-style":"default","site-sidebar-style":"default","ast-global-header-display":"","ast-banner-title-visibility":"","ast-main-header-display":"","ast-hfb-above-header-display":"","ast-hfb-below-header-display":"","ast-hfb-mobile-header-display":"","site-post-title":"disabled","ast-breadcrumbs-content":"","ast-featured-img":"disabled","footer-sml-layout":"","ast-disable-related-posts":"","theme-transparent-header-meta":"enabled","adv-header-id-meta":"","stick-header-meta":"","header-above-stick-meta":"","header-main-stick-meta":"","header-below-stick-meta":"","astra-migrate-meta-layouts":"default","ast-page-background-enabled":"default","ast-page-background-meta":{"desktop":{"background-color":"","background-image":"","background-repeat":"repeat","background-position":"center center","background-size":"auto","background-attachment":"scroll","background-type":"","background-media":"","overlay-type":"","overlay-color":"","overlay-opacity":"","overlay-gradient":""},"tablet":{"background-color":"","background-image":"","background-repeat":"repeat","background-position":"center center","background-size":"auto","background-attachment":"scroll","background-type":"","background-media":"","overlay-type":"","overlay-color":"","overlay-opacity":"","overlay-gradient":""},"mobile":{"background-color":"","background-image":"","background-repeat":"repeat","background-position":"center center","background-size":"auto","background-attachment":"scroll","background-type":"","background-media":"","overlay-type":"","overlay-color":"","overlay-opacity":"","overlay-gradient":""}},"ast-content-background-meta":{"desktop":{"background-color":"var(--ast-global-color-5)","background-image":"","background-repeat":"repeat","background-position":"center center","background-size":"auto","background-attachment":"scroll","background-type":"","background-media":"","overlay-type":"","overlay-color":"","overlay-opacity":"","overlay-gradient":""},"tablet":{"background-color":"var(--ast-global-color-5)","background-image":"","background-repeat":"repeat","background-position":"center center","background-size":"auto","background-attachment":"scroll","background-type":"","background-media":"","overlay-type":"","overlay-color":"","overlay-opacity":"","overlay-gradient":""},"mobile":{"background-color":"var(--ast-global-color-5)","background-image":"","background-repeat":"repeat","background-position":"center center","background-size":"auto","background-attachment":"scroll","background-type":"","background-media":"","overlay-type":"","overlay-color":"","overlay-opacity":"","overlay-gradient":""}},"footnotes":""},"class_list":["post-540","page","type-page","status-publish","hentry"],"aioseo_notices":[],"_links":{"self":[{"href":"https:\/\/reciclemostodo.com\/index.php\/wp-json\/wp\/v2\/pages\/540","targetHints":{"allow":["GET"]}}],"collection":[{"href":"https:\/\/reciclemostodo.com\/index.php\/wp-json\/wp\/v2\/pages"}],"about":[{"href":"https:\/\/reciclemostodo.com\/index.php\/wp-json\/wp\/v2\/types\/page"}],"author":[{"embeddable":true,"href":"https:\/\/reciclemostodo.com\/index.php\/wp-json\/wp\/v2\/users\/1"}],"replies":[{"embeddable":true,"href":"https:\/\/reciclemostodo.com\/index.php\/wp-json\/wp\/v2\/comments?post=540"}],"version-history":[{"count":37,"href":"https:\/\/reciclemostodo.com\/index.php\/wp-json\/wp\/v2\/pages\/540\/revisions"}],"predecessor-version":[{"id":777,"href":"https:\/\/reciclemostodo.com\/index.php\/wp-json\/wp\/v2\/pages\/540\/revisions\/777"}],"wp:attachment":[{"href":"https:\/\/reciclemostodo.com\/index.php\/wp-json\/wp\/v2\/media?parent=540"}],"curies":[{"name":"wp","href":"https:\/\/api.w.org\/{rel}","templated":true}]}}